{"id":113512,"date":"2023-06-26T07:20:23","date_gmt":"2023-06-26T07:20:23","guid":{"rendered":"https:\/\/ggmakesvideos.com\/index.php\/guillem-guardiola\/"},"modified":"2025-03-19T11:32:49","modified_gmt":"2025-03-19T11:32:49","slug":"guillem-guardiola","status":"publish","type":"page","link":"https:\/\/ggmakesvideos.com\/es\/","title":{"rendered":"Guillem Guardiola"},"content":{"rendered":"<section class=\"wpb-content-wrapper\"><p>[vc_row row_height_percent=\u00bb0&#8243; override_padding=\u00bbyes\u00bb h_padding=\u00bb2&#8243; top_padding=\u00bb5&#8243; bottom_padding=\u00bb3&#8243; overlay_alpha=\u00bb50&#8243; gutter_size=\u00bb4&#8243; column_width_percent=\u00bb100&#8243; shift_y=\u00bb0&#8243; z_index=\u00bb0&#8243; uncode_shortcode_id=\u00bb315568&#8243; row_name=\u00bbaboutme\u00bb][vc_column column_width_use_pixel=\u00bbyes\u00bb gutter_size=\u00bb4&#8243; overlay_alpha=\u00bb50&#8243; shift_x=\u00bb0&#8243; shift_y=\u00bb0&#8243; shift_y_down=\u00bb0&#8243; z_index=\u00bb0&#8243; align_medium=\u00bbalign_center_tablet\u00bb medium_width=\u00bb0&#8243; align_mobile=\u00bbalign_center_mobile\u00bb mobile_width=\u00bb0&#8243; width=\u00bb1\/1&#8243; uncode_shortcode_id=\u00bb154679&#8243; column_width_pixel=\u00bb900&#8243;][vc_row_inner][vc_column_inner column_width_use_pixel=\u00bbyes\u00bb position_vertical=\u00bbmiddle\u00bb align_horizontal=\u00bbalign_center\u00bb gutter_size=\u00bb3&#8243; overlay_alpha=\u00bb50&#8243; shift_x=\u00bb0&#8243; shift_y=\u00bb0&#8243; shift_y_down=\u00bb0&#8243; z_index=\u00bb0&#8243; medium_width=\u00bb0&#8243; mobile_width=\u00bb0&#8243; width=\u00bb1\/3&#8243; uncode_shortcode_id=\u00bb179890&#8243; column_width_pixel=\u00bb900&#8243;][vc_separator sep_color=\u00bbcolor-uydo\u00bb uncode_shortcode_id=\u00bb379435&#8243; sep_color_type=\u00bbuncode-palette\u00bb][\/vc_column_inner][vc_column_inner column_width_percent=\u00bb100&#8243; position_vertical=\u00bbmiddle\u00bb align_horizontal=\u00bbalign_center\u00bb gutter_size=\u00bb3&#8243; overlay_alpha=\u00bb50&#8243; shift_x=\u00bb0&#8243; shift_y=\u00bb0&#8243; shift_y_down=\u00bb0&#8243; z_index=\u00bb0&#8243; medium_width=\u00bb0&#8243; mobile_width=\u00bb0&#8243; width=\u00bb1\/3&#8243; uncode_shortcode_id=\u00bb227678&#8243;][vc_single_image media=\u00bb113222&#8243; media_width_percent=\u00bb100&#8243; alignment=\u00bbcenter\u00bb uncode_shortcode_id=\u00bb588340&#8243;][\/vc_column_inner][vc_column_inner column_width_percent=\u00bb100&#8243; position_vertical=\u00bbmiddle\u00bb align_horizontal=\u00bbalign_center\u00bb gutter_size=\u00bb3&#8243; overlay_alpha=\u00bb50&#8243; shift_x=\u00bb0&#8243; shift_y=\u00bb0&#8243; shift_y_down=\u00bb0&#8243; z_index=\u00bb0&#8243; medium_width=\u00bb0&#8243; mobile_width=\u00bb0&#8243; width=\u00bb1\/3&#8243; uncode_shortcode_id=\u00bb161974&#8243;][vc_separator sep_color=\u00bbcolor-uydo\u00bb uncode_shortcode_id=\u00bb384511&#8243; sep_color_type=\u00bbuncode-palette\u00bb][\/vc_column_inner][\/vc_row_inner][vc_row_inner][vc_column_inner column_width_percent=\u00bb100&#8243; gutter_size=\u00bb3&#8243; overlay_alpha=\u00bb50&#8243; shift_x=\u00bb0&#8243; shift_y=\u00bb0&#8243; shift_y_down=\u00bb0&#8243; z_index=\u00bb0&#8243; align_medium=\u00bbalign_left_tablet\u00bb medium_width=\u00bb0&#8243; align_mobile=\u00bbalign_left_mobile\u00bb mobile_width=\u00bb0&#8243; width=\u00bb1\/1&#8243; uncode_shortcode_id=\u00bb117050&#8243;][vc_custom_heading heading_semantic=\u00bbh3&#8243; text_size=\u00bbbigtext\u00bb text_transform=\u00bbuppercase\u00bb text_height=\u00bbfontheight-161249&#8243; uncode_shortcode_id=\u00bb954177&#8243;]Guillem Guardiola<br \/>\nmakes videos[\/vc_custom_heading][vc_column_text text_lead=\u00bbyes\u00bb uncode_shortcode_id=\u00bb157512&#8243;]GUILLEM GUARDIOLA ES UN <strong>DISE\u00d1ADOR DE MOTION GRAPHICS Y EDITOR DE VIDEO<\/strong> CON UNA PASI\u00d3N POR EL DESARROLLO AUDIOVISUAL DE IDEAS A TRAV\u00c9S DE IM\u00c1GENES DIN\u00c1MICAS Y UNA NARRATIVA FLUIDA.<\/p>\n<p>TIENE M\u00c1S DE UNA D\u00c9CADA DE EXPERIENCIA <strong>REALIZANDO CONTENIDO PARA TELEVISI\u00d3N, PUBLICIDAD, DOCUMENTALES, VIDEOCLIPS, CONCIERTOS, VIDEOS CORPORATIVOS, ETC.<\/strong><\/p>\n<p>ESTUDI\u00d3 CINE EN LA ESCUELA TISCH DE NEW YORK UNIVERSITY, Y TIENE UN MASTER EN EFECTOS DIGITALES DE LA NATIONAL FILM AND TELEVISION SCHOOL DE INGLATERRA.<\/p>\n<p>TIENE UN NIVEL NATIVO DE INGL\u00c9S, ESPA\u00d1OL Y CATAL\u00c1N Y <strong>APORTA UN PUNTO DE VISTA SINGULAR A CADA PROYECTO,<\/strong> TRABAJANDO EN ESTRECHA COLABORACI\u00d3N CON LOS CLIENTES PARA DAR VIDA A SU VISI\u00d3N DE UNA MANERA CREATIVA E IMPACTANTE.<\/p>\n<p>SI QUIERES UN V\u00cdDEO GENIAL, <strong>NO DUDES EN CONTACTARLO.<\/strong>[\/vc_column_text][vc_button outline=\u00bbyes\u00bb border_width=\u00bb0&#8243; icon_position=\u00bbright\u00bb uncode_shortcode_id=\u00bb319039&#8243; link=\u00bburl:https%3A%2F%2Fggmakesvideos.com%2Fes%2Findex.php%2Fproyectos%2F|title:Proyectos|\u00bb icon=\u00bbfa fa-arrow-right2&#8243;]Proyectos[\/vc_button][\/vc_column_inner][\/vc_row_inner][\/vc_column][\/vc_row][vc_row row_height_percent=\u00bb0&#8243; override_padding=\u00bbyes\u00bb h_padding=\u00bb2&#8243; top_padding=\u00bb2&#8243; bottom_padding=\u00bb5&#8243; overlay_alpha=\u00bb50&#8243; gutter_size=\u00bb4&#8243; column_width_percent=\u00bb100&#8243; shift_y=\u00bb0&#8243; z_index=\u00bb0&#8243; uncode_shortcode_id=\u00bb186274&#8243; row_name=\u00bbaboutme\u00bb][vc_column column_width_percent=\u00bb100&#8243; gutter_size=\u00bb4&#8243; overlay_alpha=\u00bb50&#8243; shift_x=\u00bb0&#8243; shift_y=\u00bb0&#8243; shift_y_down=\u00bb0&#8243; z_index=\u00bb0&#8243; align_medium=\u00bbalign_center_tablet\u00bb medium_width=\u00bb0&#8243; align_mobile=\u00bbalign_center_mobile\u00bb mobile_width=\u00bb0&#8243; width=\u00bb1\/1&#8243; uncode_shortcode_id=\u00bb164046&#8243;][vc_separator sep_color=\u00bbcolor-uydo\u00bb uncode_shortcode_id=\u00bb379435&#8243; sep_color_type=\u00bbuncode-palette\u00bb][vc_custom_heading heading_semantic=\u00bbh3&#8243; text_size=\u00bbfontsize-155944&#8243; text_transform=\u00bbuppercase\u00bb text_height=\u00bbfontheight-161249&#8243; medium_visibility=\u00bbyes\u00bb mobile_visibility=\u00bbyes\u00bb uncode_shortcode_id=\u00bb172743&#8243;]Bobina de motion graphics[\/vc_custom_heading][vc_custom_heading heading_semantic=\u00bbh3&#8243; text_transform=\u00bbuppercase\u00bb text_height=\u00bbfontheight-161249&#8243; desktop_visibility=\u00bbyes\u00bb uncode_shortcode_id=\u00bb834745&#8243;]Bobina de motion graphics[\/vc_custom_heading][vc_single_image media=\u00bb113846&#8243; media_lightbox=\u00bbyes\u00bb media_poster=\u00bbyes\u00bb media_width_percent=\u00bb100&#8243; media_ratio=\u00bbsixteen-nine\u00bb advanced=\u00bbyes\u00bb media_items=\u00bbicon|lg,media|poster\u00bb media_overlay_opacity=\u00bb50&#8243; media_overlay_visible=\u00bbyes\u00bb media_text_visible=\u00bbyes\u00bb media_h_align=\u00bbcenter\u00bb media_h_position=\u00bbcenter\u00bb media_padding=\u00bb2&#8243; media_icon=\u00bbfa fa-play\u00bb uncode_shortcode_id=\u00bb630718&#8243;][\/vc_column][\/vc_row][vc_row row_height_percent=\u00bb0&#8243; override_padding=\u00bbyes\u00bb h_padding=\u00bb2&#8243; top_padding=\u00bb3&#8243; bottom_padding=\u00bb3&#8243; overlay_alpha=\u00bb100&#8243; gutter_size=\u00bb100&#8243; column_width_percent=\u00bb100&#8243; shift_y=\u00bb0&#8243; z_index=\u00bb0&#8243; row_width=\u00bb1000&#8243; block_height=\u00bb0&#8243; back_alpha=\u00bb100&#8243; border_size=\u00bb1&#8243; style=\u00bbinherited\u00bb uncode_shortcode_id=\u00bb118706&#8243; row_name=\u00bbcontactform\u00bb][vc_column column_width_use_pixel=\u00bbyes\u00bb align_horizontal=\u00bbalign_center\u00bb gutter_size=\u00bb3&#8243; overlay_alpha=\u00bb100&#8243; shift_x=\u00bb0&#8243; shift_y=\u00bb0&#8243; shift_y_down=\u00bb0&#8243; z_index=\u00bb0&#8243; medium_width=\u00bb0&#8243; mobile_width=\u00bb0&#8243; zoom_width=\u00bb0&#8243; zoom_height=\u00bb0&#8243; width=\u00bb1\/1&#8243; max_width=\u00bb100&#8243; align_vertical=\u00bbtop\u00bb back_alpha=\u00bb100&#8243; column_width_pixel=\u00bb900&#8243; uncode_shortcode_id=\u00bb204845&#8243;][vc_custom_heading heading_semantic=\u00bbh3&#8243; text_size=\u00bbh3&#8243; text_align=\u00bbtext-left\u00bb text_uppercase=\u00bb\u00bb subheading=\u00bbSi necesitas m\u00e1s informaci\u00f3n, no dudes en contactarme.\u00bb uncode_shortcode_id=\u00bb204998&#8243;]CU\u00c9NTAME SOBRE TU PROYECTO[\/vc_custom_heading][vc_separator sep_color=\u00bb,Default\u00bb][vc_empty_space empty_h=\u00bb2&#8243;][vc_row_inner][vc_column_inner column_width_percent=\u00bb100&#8243; align_horizontal=\u00bbalign_center\u00bb gutter_size=\u00bb3&#8243; overlay_alpha=\u00bb50&#8243; shift_x=\u00bb0&#8243; shift_y=\u00bb0&#8243; shift_y_down=\u00bb0&#8243; z_index=\u00bb0&#8243; medium_width=\u00bb0&#8243; mobile_width=\u00bb0&#8243; width=\u00bb1\/2&#8243; uncode_shortcode_id=\u00bb136747&#8243;][vc_icon display=\u00bbinline\u00bb icon=\u00bbfa fa-envelope2&#8243; size=\u00bbfa-3x\u00bb text_size=\u00bbh6&#8243; title=\u00bbguillem@ggmakesvideos.com\u00bb uncode_shortcode_id=\u00bb171354&#8243; link=\u00bburl:mailto%3Aguillem%40ggmakesvideos.com\u00bb][\/vc_icon][\/vc_column_inner][vc_column_inner column_width_percent=\u00bb100&#8243; align_horizontal=\u00bbalign_center\u00bb gutter_size=\u00bb3&#8243; overlay_alpha=\u00bb50&#8243; shift_x=\u00bb0&#8243; shift_y=\u00bb0&#8243; shift_y_down=\u00bb0&#8243; z_index=\u00bb0&#8243; medium_width=\u00bb0&#8243; mobile_width=\u00bb0&#8243; width=\u00bb1\/2&#8243; uncode_shortcode_id=\u00bb149221&#8243;][vc_icon display=\u00bbinline\u00bb icon=\u00bbfa fa-mobile2&#8243; size=\u00bbfa-3x\u00bb text_size=\u00bbh6&#8243; title=\u00bbTel: (+34) 686 664 898&#8243; uncode_shortcode_id=\u00bb981589&#8243;][\/vc_icon][\/vc_column_inner][\/vc_row_inner][\/vc_column][\/vc_row]<\/p>\n<\/section>","protected":false},"excerpt":{"rendered":"<p>[vc_row row_height_percent=\u00bb0&#8243; override_padding=\u00bbyes\u00bb h_padding=\u00bb2&#8243; top_padding=\u00bb5&#8243; bottom_padding=\u00bb3&#8243; overlay_alpha=\u00bb50&#8243; gutter_size=\u00bb4&#8243; column_width_percent=\u00bb100&#8243; shift_y=\u00bb0&#8243; z_index=\u00bb0&#8243; uncode_shortcode_id=\u00bb315568&#8243; row_name=\u00bbaboutme\u00bb][vc_column column_width_use_pixel=\u00bbyes\u00bb gutter_size=\u00bb4&#8243; overlay_alpha=\u00bb50&#8243; shift_x=\u00bb0&#8243; shift_y=\u00bb0&#8243; shift_y_down=\u00bb0&#8243; z_index=\u00bb0&#8243; [&hellip;]<\/p>\n","protected":false},"author":1,"featured_media":113467,"parent":0,"menu_order":0,"comment_status":"closed","ping_status":"closed","template":"","meta":{"footnotes":""},"yoast_head":"<!-- This site is optimized with the Yoast SEO plugin v21.1 - https:\/\/yoast.com\/wordpress\/plugins\/seo\/ -->\n<title>Guillem Guardiola makes videos<\/title>\n<meta name=\"description\" content=\"Guillem Guardiola es un freelancer que hace motion design, animaci\u00f3n motion graphics, edici\u00f3n de video y realizaci\u00f3n en Barcelona.\" \/>\n<meta name=\"robots\" content=\"index, follow, max-snippet:-1, max-image-preview:large, max-video-preview:-1\" \/>\n<link rel=\"canonical\" href=\"https:\/\/ggmakesvideos.com\/es\/\" \/>\n<meta property=\"og:locale\" content=\"es_ES\" \/>\n<meta property=\"og:type\" content=\"article\" \/>\n<meta property=\"og:title\" content=\"Guillem Guardiola makes videos\" \/>\n<meta property=\"og:description\" content=\"Guillem Guardiola es un freelancer que hace motion design, animaci\u00f3n motion graphics, edici\u00f3n de video y realizaci\u00f3n en Barcelona.\" \/>\n<meta property=\"og:url\" content=\"https:\/\/ggmakesvideos.com\/es\/\" \/>\n<meta property=\"og:site_name\" content=\"Guillem Guardiola makes videos\" \/>\n<meta property=\"article:modified_time\" content=\"2025-03-19T11:32:49+00:00\" \/>\n<meta property=\"og:image\" content=\"https:\/\/ggmakesvideos.com\/wp-content\/uploads\/2023\/06\/cropped-guillem-guardiola-flavicon.png\" \/>\n\t<meta property=\"og:image:width\" content=\"512\" \/>\n\t<meta property=\"og:image:height\" content=\"512\" \/>\n\t<meta property=\"og:image:type\" content=\"image\/png\" \/>\n<meta name=\"twitter:card\" content=\"summary_large_image\" \/>\n<meta name=\"twitter:label1\" content=\"Tiempo de lectura\" \/>\n\t<meta name=\"twitter:data1\" content=\"2 minutos\" \/>\n<script type=\"application\/ld+json\" class=\"yoast-schema-graph\">{\"@context\":\"https:\/\/schema.org\",\"@graph\":[{\"@type\":\"WebPage\",\"@id\":\"https:\/\/ggmakesvideos.com\/es\/\",\"url\":\"https:\/\/ggmakesvideos.com\/es\/\",\"name\":\"Guillem Guardiola makes videos\",\"isPartOf\":{\"@id\":\"https:\/\/ggmakesvideos.com\/#website\"},\"datePublished\":\"2023-06-26T07:20:23+00:00\",\"dateModified\":\"2025-03-19T11:32:49+00:00\",\"description\":\"Guillem Guardiola es un freelancer que hace motion design, animaci\u00f3n motion graphics, edici\u00f3n de video y realizaci\u00f3n en Barcelona.\",\"breadcrumb\":{\"@id\":\"https:\/\/ggmakesvideos.com\/es\/#breadcrumb\"},\"inLanguage\":\"es\",\"potentialAction\":[{\"@type\":\"ReadAction\",\"target\":[\"https:\/\/ggmakesvideos.com\/es\/\"]}]},{\"@type\":\"BreadcrumbList\",\"@id\":\"https:\/\/ggmakesvideos.com\/es\/#breadcrumb\",\"itemListElement\":[{\"@type\":\"ListItem\",\"position\":1,\"name\":\"Home\",\"item\":\"https:\/\/ggmakesvideos.com\/es\/\"},{\"@type\":\"ListItem\",\"position\":2,\"name\":\"Guillem Guardiola\"}]},{\"@type\":\"WebSite\",\"@id\":\"https:\/\/ggmakesvideos.com\/#website\",\"url\":\"https:\/\/ggmakesvideos.com\/\",\"name\":\"Guillem Guardiola makes videos\",\"description\":\"\",\"publisher\":{\"@id\":\"https:\/\/ggmakesvideos.com\/#organization\"},\"potentialAction\":[{\"@type\":\"SearchAction\",\"target\":{\"@type\":\"EntryPoint\",\"urlTemplate\":\"https:\/\/ggmakesvideos.com\/?s={search_term_string}\"},\"query-input\":\"required name=search_term_string\"}],\"inLanguage\":\"es\"},{\"@type\":\"Organization\",\"@id\":\"https:\/\/ggmakesvideos.com\/#organization\",\"name\":\"Guillem Guardiola makes videos\",\"url\":\"https:\/\/ggmakesvideos.com\/\",\"logo\":{\"@type\":\"ImageObject\",\"inLanguage\":\"es\",\"@id\":\"https:\/\/ggmakesvideos.com\/#\/schema\/logo\/image\/\",\"url\":\"https:\/\/ggmakesvideos.com\/wp-content\/uploads\/2023\/06\/cropped-guillem-guardiola-flavicon.png\",\"contentUrl\":\"https:\/\/ggmakesvideos.com\/wp-content\/uploads\/2023\/06\/cropped-guillem-guardiola-flavicon.png\",\"width\":512,\"height\":512,\"caption\":\"Guillem Guardiola makes videos\"},\"image\":{\"@id\":\"https:\/\/ggmakesvideos.com\/#\/schema\/logo\/image\/\"}}]}<\/script>\n<!-- \/ Yoast SEO plugin. -->","yoast_head_json":{"title":"Guillem Guardiola makes videos","description":"Guillem Guardiola es un freelancer que hace motion design, animaci\u00f3n motion graphics, edici\u00f3n de video y realizaci\u00f3n en Barcelona.","robots":{"index":"index","follow":"follow","max-snippet":"max-snippet:-1","max-image-preview":"max-image-preview:large","max-video-preview":"max-video-preview:-1"},"canonical":"https:\/\/ggmakesvideos.com\/es\/","og_locale":"es_ES","og_type":"article","og_title":"Guillem Guardiola makes videos","og_description":"Guillem Guardiola es un freelancer que hace motion design, animaci\u00f3n motion graphics, edici\u00f3n de video y realizaci\u00f3n en Barcelona.","og_url":"https:\/\/ggmakesvideos.com\/es\/","og_site_name":"Guillem Guardiola makes videos","article_modified_time":"2025-03-19T11:32:49+00:00","og_image":[{"width":512,"height":512,"url":"https:\/\/ggmakesvideos.com\/wp-content\/uploads\/2023\/06\/cropped-guillem-guardiola-flavicon.png","type":"image\/png"}],"twitter_card":"summary_large_image","twitter_misc":{"Tiempo de lectura":"2 minutos"},"schema":{"@context":"https:\/\/schema.org","@graph":[{"@type":"WebPage","@id":"https:\/\/ggmakesvideos.com\/es\/","url":"https:\/\/ggmakesvideos.com\/es\/","name":"Guillem Guardiola makes videos","isPartOf":{"@id":"https:\/\/ggmakesvideos.com\/#website"},"datePublished":"2023-06-26T07:20:23+00:00","dateModified":"2025-03-19T11:32:49+00:00","description":"Guillem Guardiola es un freelancer que hace motion design, animaci\u00f3n motion graphics, edici\u00f3n de video y realizaci\u00f3n en Barcelona.","breadcrumb":{"@id":"https:\/\/ggmakesvideos.com\/es\/#breadcrumb"},"inLanguage":"es","potentialAction":[{"@type":"ReadAction","target":["https:\/\/ggmakesvideos.com\/es\/"]}]},{"@type":"BreadcrumbList","@id":"https:\/\/ggmakesvideos.com\/es\/#breadcrumb","itemListElement":[{"@type":"ListItem","position":1,"name":"Home","item":"https:\/\/ggmakesvideos.com\/es\/"},{"@type":"ListItem","position":2,"name":"Guillem Guardiola"}]},{"@type":"WebSite","@id":"https:\/\/ggmakesvideos.com\/#website","url":"https:\/\/ggmakesvideos.com\/","name":"Guillem Guardiola makes videos","description":"","publisher":{"@id":"https:\/\/ggmakesvideos.com\/#organization"},"potentialAction":[{"@type":"SearchAction","target":{"@type":"EntryPoint","urlTemplate":"https:\/\/ggmakesvideos.com\/?s={search_term_string}"},"query-input":"required name=search_term_string"}],"inLanguage":"es"},{"@type":"Organization","@id":"https:\/\/ggmakesvideos.com\/#organization","name":"Guillem Guardiola makes videos","url":"https:\/\/ggmakesvideos.com\/","logo":{"@type":"ImageObject","inLanguage":"es","@id":"https:\/\/ggmakesvideos.com\/#\/schema\/logo\/image\/","url":"https:\/\/ggmakesvideos.com\/wp-content\/uploads\/2023\/06\/cropped-guillem-guardiola-flavicon.png","contentUrl":"https:\/\/ggmakesvideos.com\/wp-content\/uploads\/2023\/06\/cropped-guillem-guardiola-flavicon.png","width":512,"height":512,"caption":"Guillem Guardiola makes videos"},"image":{"@id":"https:\/\/ggmakesvideos.com\/#\/schema\/logo\/image\/"}}]}},"_links":{"self":[{"href":"https:\/\/ggmakesvideos.com\/es\/index.php\/wp-json\/wp\/v2\/pages\/113512"}],"collection":[{"href":"https:\/\/ggmakesvideos.com\/es\/index.php\/wp-json\/wp\/v2\/pages"}],"about":[{"href":"https:\/\/ggmakesvideos.com\/es\/index.php\/wp-json\/wp\/v2\/types\/page"}],"author":[{"embeddable":true,"href":"https:\/\/ggmakesvideos.com\/es\/index.php\/wp-json\/wp\/v2\/users\/1"}],"replies":[{"embeddable":true,"href":"https:\/\/ggmakesvideos.com\/es\/index.php\/wp-json\/wp\/v2\/comments?post=113512"}],"version-history":[{"count":27,"href":"https:\/\/ggmakesvideos.com\/es\/index.php\/wp-json\/wp\/v2\/pages\/113512\/revisions"}],"predecessor-version":[{"id":113951,"href":"https:\/\/ggmakesvideos.com\/es\/index.php\/wp-json\/wp\/v2\/pages\/113512\/revisions\/113951"}],"wp:featuredmedia":[{"embeddable":true,"href":"https:\/\/ggmakesvideos.com\/es\/index.php\/wp-json\/wp\/v2\/media\/113467"}],"wp:attachment":[{"href":"https:\/\/ggmakesvideos.com\/es\/index.php\/wp-json\/wp\/v2\/media?parent=113512"}],"curies":[{"name":"wp","href":"https:\/\/api.w.org\/{rel}","templated":true}]}}